{"id":510,"date":"2015-06-15T08:34:48","date_gmt":"2015-06-15T06:34:48","guid":{"rendered":"http:\/\/www.ekoanhovo.org\/?page_id=510"},"modified":"2017-05-06T20:16:39","modified_gmt":"2017-05-06T18:16:39","slug":"piskotki","status":"publish","type":"page","link":"https:\/\/www.ekoanhovo.org\/?page_id=510","title":{"rendered":""},"content":{"rendered":"<h1>VARNOST IN ZASEBNOST<\/h1>\n<p>Na\u0161a spletna stran je skladna s <a href=\"http:\/\/www.uradni-list.si\/1\/content?id=111442#%28pi%C5%A1kotki%29\" target=\"_blank\">157. \u010dlenom zakona ZEKom-1<\/a> in z zakonom o varstvu osebnih podatkov. Ve\u010d o zakonodaji lahko preberete <a href=\"http:\/\/pisrs.si\/Predpis.aspx?id=ZAKO3906&amp;pogled=osnovni\" target=\"_blank\">tukaj<\/a>.<br \/>\nNamen zakonodaje je za\u0161\u010dita osebnih podatkov, saj pri brskanju po spletu lahko pride do kr\u0161itve va\u0161ih pravic do zasebnosti.<br \/>\nPodrobnej\u0161e informacije o zasebnosti na spletu najdete na spletnih straneh Informacijskega poobla\u0161cenca, kjer so pripravili odgovore na <a href=\"https:\/\/www.ip-rs.si\/varstvo-osebnih-podatkov\/informacijske-tehnologije-in-osebni-podatki\/piskotki-odgovori-na-pogosta-vprasanja\/#c1250\" target=\"_blank\">pogosta vpra\u0161anja<\/a> povezana s sledenjem uporabnikov na spletu s pomo\u010djo pi\u0161kotkov.<\/p>\n<h2>Pi\u0161kotki<\/h2>\n<p>Na na\u0161i spletni strani uporabljamo pi\u0161kotke.<\/p>\n<p>Pi\u0161kotki so majhne datoteke, ki jih va\u0161i brskalniki kot so Firefox, Opera, Chrome ali Internet Explorer, nalagajo na va\u0161 ra\u010dunalnik med brskanjem po spletu. V skladu s priporo\u010dili informacijskega poobla\u0161\u010denca, smo na na\u0161o spletno stran namestili obvestilo o uporabi pi\u0161kotkov, hkrati pa smo vam omogo\u010dili tudi izbiro, katere pi\u0161kotke \u017eelite uporabljati in katerih ne.<\/p>\n<h2>Vrste pi\u0161kotkov na na\u0161i spletni strani:<\/h2>\n<p><strong>1. Obvezni pi\u0161kotki<\/strong><\/p>\n<p>Obvezni pi\u0161kotki, so tisti pi\u0161kotki, ki jih spletna stran potrebuje za pravilno delovanje. V na\u0161em primeru so to pi\u0161kotki, ki se nalo\u017eijo na va\u0161 ra\u010dunalnik zato, da ob naslednjem obisku vemo, katere od ostalih pi\u0161kotkov dovolite uporabljati. Na osnovi informacij v teh pi\u0161kotkih se delovanje in prikaz na\u0161e spletne strani prilagaja vam.<\/p>\n<p><strong>2. Statistika obiska<\/strong><br \/>\nUpravljalci na\u0161ega spletnega mesta \u00a0\u017eelimo vedeti, kje se na\u0161i obiskovalci zadr\u017eujejo, katere od posameznih vsebin so najbolj obiskane in od kod sploh pridete na na\u0161o spletno stran. To je ve\u010dinoma edini stik z na\u0161imi obiskovalci. Zaradi tega bele\u017eimo anonimno statistiko ogledov. Na podlagi pi\u0161kotkov, ki jih nalo\u017eimo na va\u0161 ra\u010dunalnik, lahko vemo ali ste pri\u0161li k nam prvi\u010d, ali pa ste na\u0161 redni obiskovalec.<\/p>\n<h2>Katere pi\u0161kotke uporablja na\u0161e spletno mesto?<\/h2>\n<p>Uporabljamo naslednje pi\u0161kotke:<\/p>\n<p><strong>1. Obvezni za delovanje strani:<\/strong><\/p>\n<ul>\n<li><strong>cc_necessary<br \/>\n<\/strong><\/li>\n<li><strong>cc_analytics<\/strong><\/li>\n<\/ul>\n<p>To so obvezni pi\u0161kotki, v njih si zabele\u017eimo ali se strinjate z uporabo posamezne vrste pi\u0161kotkov ali ne. Ti pi\u0161kotki imajo trajanje malenkost manj kot 365 dni.<\/p>\n<p><strong>2. Statistika obiska<\/strong><\/p>\n<ul>\n<li><strong>__utma<\/strong>: pi\u0161kotek shranjuje pogostost uporabnikovega obiskovanja spletne strani, \u010das prvega obiska, prej\u0161nji in trenutni obisk.\u00a0Veljavnost pi\u0161kotka je nastavljena na dve leti.<\/li>\n<li><strong>__utmb<\/strong>: pi\u0161kotek se uporablja za preverjanje kako dolgo uporabnik ostane na spletni strani: kdaj se obisk pri\u010dne in kdaj pribli\u017eno se kon\u010da.\u00a0Veljavnost pi\u0161kotka je nastavljena na 30 minut.<\/li>\n<li><strong>__utmc<\/strong>:\u00a0pi\u0161kotek se uporablja za preverjanje kako dolgo uporabnik ostane na spletni strani: kdaj se obisk pri\u010dne in kdaj pribli\u017eno se kon\u010da.\u00a0Veljavnost pi\u0161kotka pote\u010de ko zapremo brskalnik.<\/li>\n<li><strong>__utmv<\/strong>:\u00a0 pi\u0161kotek se uporablja za shranjevanje uporabnikovih nastavitev.<\/li>\n<li><strong>__utmz<\/strong>: pi\u0161kotek shranjuje podatek od kod je obiskovalec pri\u0161el (iskalnik, klju\u010dna beseda, povezava).\u00a0Veljavnost pi\u0161kotka je nastavljena na 6 mesecev.<\/li>\n<\/ul>\n<p>Na\u0161tete pi\u0161kotke uporablja Google Analytics za sledenje obiskanosti spletne strani.<\/p>\n<h2>Ali me lahko Google identificira na podlagi vrednosti zapisanih v tem pi\u0161kotku?<\/h2>\n<p>Kratek odgovor je NE. Google ne more nikogar osebno identificirati na podlagi tega zapisa. Za vsako spletno stran, ki uporablja Google Analytics ima posamezni uporabnik spleta razli\u010dne identifikatorje, ki se generirajo naklju\u010dno.<\/p>\n<p>\u010ce se ne strinjate z bele\u017eenjem statistike spletne strani, lahko s klikom na zavihek \u201czasebnost\u201d kadar koli prepre\u010dite izvajanje kode za bele\u017eenje statistike.<\/p>\n<p>\u010ce ne \u017eelite, da bi Google Analytics kjer koli sledil va\u0161im aktivnostim na spletu, je Google ponudili orodje <a href=\"https:\/\/tools.google.com\/dlpage\/gaoptout\" target=\"_blank\">Google opt-out<\/a>, s katerim lahko prepre\u010dite bele\u017eenje statistike kakr\u0161nih koli va\u0161ih aktivnosti s strani Google Analytics na celotnem spletu.<\/p>\n<h2>Kako lahko pi\u0161kotke v celoti izklopimo?<\/h2>\n<p>Spletni brskalniki v ve\u010dini samodejno sprejmejo pi\u0161kotke. V nastavitvah brskalnika lahko pi\u0161kotke tudi izklopimo. Nastavitve za posamezne brskalnike so na voljo na spodnjih povezavah:<\/p>\n<ul>\n<li><a href=\"https:\/\/support.google.com\/chrome\/answer\/95647?hl=sl-sl&amp;p=cpn_cookies\" target=\"_blank\">Chrome<\/a><\/li>\n<li><a href=\"http:\/\/support.mozilla.org\/sl\/kb\/Kako%20aktivirate%20in%20deaktivirate%20pi%C5%A1kote\" target=\"_blank\">Firefox<\/a><\/li>\n<li><a href=\"http:\/\/windows.microsoft.com\/sl-si\/windows-vista\/block-or-allow-cookies\" target=\"_blank\">Internet Explorer<\/a><\/li>\n<li><a href=\"http:\/\/www.opera.com\/help\/tutorials\/security\/privacy\/\" target=\"_blank\">Opera<\/a><\/li>\n<li><a href=\"http:\/\/www.apple.com\/support\/safari\/\" target=\"_blank\">Safari<\/a><\/li>\n<\/ul>\n<p>Ob izklopu pi\u0161kotkov, spletna stran ne bo delovala optimalno in nekatere funkcionalnosti so lahko onemogo\u010dene. Brskalnik bo tudi po izklopu vseh pi\u0161kotkov pridobival dolo\u010dene informacije, ki so potrebne za osnovno delovanje spletne strani.<\/p>\n<p>Ve\u010d podatkov o zavrnitvi pi\u0161kotkov lahko najdete tudi na spletni strani <a href=\"http:\/\/www.aboutcookies.org\/\" target=\"_blank\">www.aboutcookies.org<\/a>.<\/p>\n<p>&nbsp;<\/p>\n<a class=\"synved-social-button synved-social-button-share synved-social-size-32 synved-social-resolution-single synved-social-provider-facebook nolightbox\" data-provider=\"facebook\" target=\"_blank\" rel=\"nofollow\" title=\"Deli na Facebooku\" href=\"https:\/\/www.facebook.com\/sharer.php?u=https%3A%2F%2Fwww.ekoanhovo.org%2Findex.php%3Frest_route%3D%252Fwp%252Fv2%252Fpages%252F510&#038;t=&#038;s=100&#038;p&#091;url&#093;=https%3A%2F%2Fwww.ekoanhovo.org%2Findex.php%3Frest_route%3D%252Fwp%252Fv2%252Fpages%252F510&#038;p&#091;images&#093;&#091;0&#093;=&#038;p&#091;title&#093;=\" style=\"font-size: 0px;width:32px;height:32px;margin:0;margin-bottom:5px;margin-right:5px\"><img alt=\"Facebook\" title=\"Deli na Facebooku\" class=\"synved-share-image synved-social-image synved-social-image-share\" width=\"32\" height=\"32\" style=\"display: inline;width:32px;height:32px;margin: 0;padding: 0;border: none\" src=\"https:\/\/www.ekoanhovo.org\/wp-content\/plugins\/social-media-feather\/synved-social\/image\/social\/regular\/64x64\/facebook.png\" \/><\/a><a class=\"synved-social-button synved-social-button-share synved-social-size-32 synved-social-resolution-single synved-social-provider-twitter nolightbox\" data-provider=\"twitter\" target=\"_blank\" rel=\"nofollow\" title=\"Deli na tviterju\" href=\"https:\/\/twitter.com\/intent\/tweet?url=https%3A%2F%2Fwww.ekoanhovo.org%2Findex.php%3Frest_route%3D%252Fwp%252Fv2%252Fpages%252F510&#038;text=Hey%20check%20this%20out\" style=\"font-size: 0px;width:32px;height:32px;margin:0;margin-bottom:5px;margin-right:5px\"><img alt=\"twitter\" title=\"Deli na tviterju\" class=\"synved-share-image synved-social-image synved-social-image-share\" width=\"32\" height=\"32\" style=\"display: inline;width:32px;height:32px;margin: 0;padding: 0;border: none\" src=\"https:\/\/www.ekoanhovo.org\/wp-content\/plugins\/social-media-feather\/synved-social\/image\/social\/regular\/64x64\/twitter.png\" \/><\/a><a class=\"synved-social-button synved-social-button-share synved-social-size-32 synved-social-resolution-single synved-social-provider-mail nolightbox\" data-provider=\"mail\" rel=\"nofollow\" title=\"Deli prek e-po\u0161te\" href=\"mailto:?subject=&#038;body=Hey%20check%20this%20out:%20https%3A%2F%2Fwww.ekoanhovo.org%2Findex.php%3Frest_route%3D%252Fwp%252Fv2%252Fpages%252F510\" style=\"font-size: 0px;width:32px;height:32px;margin:0;margin-bottom:5px\"><img alt=\"mail\" title=\"Deli prek e-po\u0161te\" class=\"synved-share-image synved-social-image synved-social-image-share\" width=\"32\" height=\"32\" style=\"display: inline;width:32px;height:32px;margin: 0;padding: 0;border: none\" src=\"https:\/\/www.ekoanhovo.org\/wp-content\/plugins\/social-media-feather\/synved-social\/image\/social\/regular\/64x64\/mail.png\" \/><\/a>","protected":false},"excerpt":{"rendered":"<p>VARNOST IN ZASEBNOST Na\u0161a spletna stran je skladna s 157. \u010dlenom zakona ZEKom-1 in z zakonom o varstvu osebnih podatkov. Ve\u010d o zakonodaji lahko preberete tukaj. Namen zakonodaje je za\u0161\u010dita osebnih podatkov, saj pri brskanju po spletu lahko pride do kr\u0161itve va\u0161ih pravic do zasebnosti. Podrobnej\u0161e informacije o zasebnosti na spletu najdete na spletnih straneh Informacijskega poobla\u0161cenca, kjer so pripravili&#8230; <a href=\"https:\/\/www.ekoanhovo.org\/?page_id=510\">Preberi ve\u010d &raquo;<\/a><\/p>\n","protected":false},"author":1,"featured_media":0,"parent":0,"menu_order":0,"comment_status":"closed","ping_status":"open","template":"","meta":[],"_links":{"self":[{"href":"https:\/\/www.ekoanhovo.org\/index.php?rest_route=\/wp\/v2\/pages\/510"}],"collection":[{"href":"https:\/\/www.ekoanhovo.org\/index.php?rest_route=\/wp\/v2\/pages"}],"about":[{"href":"https:\/\/www.ekoanhovo.org\/index.php?rest_route=\/wp\/v2\/types\/page"}],"author":[{"embeddable":true,"href":"https:\/\/www.ekoanhovo.org\/index.php?rest_route=\/wp\/v2\/users\/1"}],"replies":[{"embeddable":true,"href":"https:\/\/www.ekoanhovo.org\/index.php?rest_route=%2Fwp%2Fv2%2Fcomments&post=510"}],"version-history":[{"count":1,"href":"https:\/\/www.ekoanhovo.org\/index.php?rest_route=\/wp\/v2\/pages\/510\/revisions"}],"predecessor-version":[{"id":2220,"href":"https:\/\/www.ekoanhovo.org\/index.php?rest_route=\/wp\/v2\/pages\/510\/revisions\/2220"}],"wp:attachment":[{"href":"https:\/\/www.ekoanhovo.org\/index.php?rest_route=%2Fwp%2Fv2%2Fmedia&parent=510"}],"curies":[{"name":"wp","href":"https:\/\/api.w.org\/{rel}","templated":true}]}}