{"id":2142,"date":"2022-09-29T16:26:15","date_gmt":"2022-09-29T14:26:15","guid":{"rendered":"http:\/\/www.ekoanhovo.org\/?page_id=2142"},"modified":"2023-07-17T20:10:09","modified_gmt":"2023-07-17T18:10:09","slug":"obvarujmo-okolje-pred-slabo-prakso","status":"publish","type":"page","link":"https:\/\/www.ekoanhovo.org\/?page_id=2142","title":{"rendered":"PROJEKTI"},"content":{"rendered":"\n<figure class=\"wp-block-image size-large is-resized\"><a href=\"http:\/\/www.ekoanhovo.org\/wp-content\/uploads\/2022\/10\/Active-citizens-fund@4x-logo-.png\"><img decoding=\"async\" loading=\"lazy\" src=\"http:\/\/www.ekoanhovo.org\/wp-content\/uploads\/2022\/10\/Active-citizens-fund@4x-logo--1024x359.png\" alt=\"\" class=\"wp-image-2164\" width=\"318\" height=\"111\" srcset=\"https:\/\/www.ekoanhovo.org\/wp-content\/uploads\/2022\/10\/Active-citizens-fund@4x-logo--1024x359.png 1024w, https:\/\/www.ekoanhovo.org\/wp-content\/uploads\/2022\/10\/Active-citizens-fund@4x-logo--300x105.png 300w, https:\/\/www.ekoanhovo.org\/wp-content\/uploads\/2022\/10\/Active-citizens-fund@4x-logo--768x270.png 768w, https:\/\/www.ekoanhovo.org\/wp-content\/uploads\/2022\/10\/Active-citizens-fund@4x-logo--1536x539.png 1536w, https:\/\/www.ekoanhovo.org\/wp-content\/uploads\/2022\/10\/Active-citizens-fund@4x-logo--2048x719.png 2048w, https:\/\/www.ekoanhovo.org\/wp-content\/uploads\/2022\/10\/Active-citizens-fund@4x-logo--624x219.png 624w\" sizes=\"(max-width: 318px) 100vw, 318px\" \/><\/a><\/figure>\n\n\n\n<h2 class=\"wp-block-heading\"><mark style=\"background-color:rgba(0, 0, 0, 0)\" class=\"has-inline-color has-vivid-green-cyan-color\">Naj Anhovo zadiha<\/mark><\/h2>\n\n\n\n<ul>\n<li>Trajanje: Julij 2023 &#8211; Oktober 2023<\/li>\n\n\n\n<li>Vrednost: 4999,73\u20ac<\/li>\n\n\n\n<li>Odgovorna oseba: Mateja Sattler<\/li>\n<\/ul>\n\n\n\n<p><strong>Projekt Naj Anhovo zadiha je zagovorni\u0161ka kampanja, ki naslavlja nujnost spremembe okoljske zakonodaje, ki ureja sose\u017eig odpadkov v cementarnah.<\/strong> Okolje in zdravje prebivalcev lahko obvarujemo le tako, da uveljavimo nujno potrebne zakonske spremembe.<strong>&nbsp;<\/strong><\/p>\n\n\n\n<p>Dru\u0161tvo EKO Anhovo si \u017ee leta prizadeva za spremembo zakonodaje, ki bi vsaj izena\u010dila normative, ki veljajo za naprave za sose\u017eig s tistimi, ki veljajo za specializirane se\u017eigalnice odpadkov. Zato smo<strong> <\/strong>v Dr\u017eavni zbor vlo\u017eili pobudo za spremembo Zakona o varstvu okolja, ki bo zaostrila okoljske standarde za sose\u017eigalnice odpadkov in nad njimi uvedla stro\u017eji nadzor.<\/p>\n\n\n\n<p>Vsa na\u0161a prizadevanja so bila do danes zaman, zato smo se odlo\u010dili vzeti stvari v svoje roke. Z vlo\u017eitvijo zakona zahtevamo ni\u010d ve\u010d kot ustavno pravico do \u010distega okolja!<strong> S projektom Naj Anhovo zadiha bomo zbirali podpise podpore, ki jih potrebujemo za vlo\u017eitev zakona.<\/strong>V projektu Naj Anhovo zadiha ponovno zdru\u017eujemo mo\u010di nevladne organizacije, ki smo leta 2021 uspe\u0161no sodelovale pri referendumski kampanji Za pitno vodo.<strong> Septembra in oktobra bomo prisotni na ulicah in pred ve\u010dino slovenskih upravnih enot, kjer bomo nagovarjali volivke in volivce k oddaji podpisa podpore vlo\u017eitvi zakona.<\/strong> Za uspe\u0161no vlo\u017eitev zakona potrebujemo najmanj 5.000 overjenih podpisov podpore volivk in volivcev.<\/p>\n\n\n\n<figure class=\"wp-block-image\"><a href=\"http:\/\/www.ekoanhovo.org\/wp-content\/uploads\/2022\/10\/Active-citizens-fund@4x-logo-.png\"><img decoding=\"async\" loading=\"lazy\" width=\"300\" height=\"105\" src=\"http:\/\/www.ekoanhovo.org\/wp-content\/uploads\/2022\/10\/Active-citizens-fund@4x-logo--300x105.png\" alt=\"\" class=\"wp-image-2164\" srcset=\"https:\/\/www.ekoanhovo.org\/wp-content\/uploads\/2022\/10\/Active-citizens-fund@4x-logo--300x105.png 300w, https:\/\/www.ekoanhovo.org\/wp-content\/uploads\/2022\/10\/Active-citizens-fund@4x-logo--1024x359.png 1024w, https:\/\/www.ekoanhovo.org\/wp-content\/uploads\/2022\/10\/Active-citizens-fund@4x-logo--768x270.png 768w, https:\/\/www.ekoanhovo.org\/wp-content\/uploads\/2022\/10\/Active-citizens-fund@4x-logo--1536x539.png 1536w, https:\/\/www.ekoanhovo.org\/wp-content\/uploads\/2022\/10\/Active-citizens-fund@4x-logo--2048x719.png 2048w, https:\/\/www.ekoanhovo.org\/wp-content\/uploads\/2022\/10\/Active-citizens-fund@4x-logo--624x219.png 624w\" sizes=\"(max-width: 300px) 100vw, 300px\" \/><\/a><\/figure>\n\n\n\n<div class=\"wp-block-group is-vertical is-layout-flex wp-container-2\">\n<p>&nbsp;<\/p>\n\n\n\n<div class=\"wp-block-group is-vertical is-layout-flex wp-container-1\">\n<h2 class=\"wp-block-heading\"><mark style=\"background-color:rgba(0, 0, 0, 0)\" class=\"has-inline-color has-vivid-green-cyan-color\">Obvarujmo okolje pred slabo prakso<\/mark><\/h2>\n\n\n\n<ul>\n<li>Trajanje: Maj 2022 &#8211; Maj 2023<\/li>\n\n\n\n<li>Vrednost: 20.000\u20ac<\/li>\n\n\n\n<li>Odgovorna oseba: Mateja Sattler <\/li>\n<\/ul>\n<\/div>\n<\/div>\n\n\n\n<p>Eno temeljnih poslanstev dru\u0161tva Eko Anhovo in dolina So\u010de je ozave\u0161\u010danje javnosti o problematiki <strong>industrijskega onesna\u017eevanja okolja zaradi posledic delovanja cementarne Salonit Anhovo<\/strong>. Po zakonski prepovedi uporabe azbesta v 90ih letih je cementarna kot energent za svoje delovanje za\u010dela uporabljati odpadke, med njimi tudi nevarne. Trenutno v cementarni se\u017egejo 109.000 ton odpadkov na leto, pri \u010demer se v okolje spro\u0161\u010dajo velike koli\u010dine emisij, ki so skupek razli\u010dnih kemijskih spojin in te\u017ekih kovin ter predstavljajo&nbsp;<strong>nevarnost za zdravje ljudi in okolje<\/strong>.<\/p>\n\n\n\n<p>Sose\u017eig odpadkov v cementarni omogo\u010da&nbsp;<strong>izredno diskriminatorna zakonodaja<\/strong>, ki cementarnam dovoljuje se\u017eiganje odpadkov pod bistveno&nbsp;<strong>milej\u0161imi pogoji in ob manj\u0161em nadzoru, kot to velja za specializirane se\u017eigalnice odpadkov<\/strong>. Po koli\u010dini se\u017eganih odpadkov je Salonit Anhovo najve\u010dja se\u017eigalnica odpadkov v Sloveniji z ni\u017ejimi okoljskimi standardi. Cementarna namerava koli\u010dino odpadkov v kratkem&nbsp;<strong>pove\u010dati na nepredstavljivih 220.000 ton na leto<\/strong>.<\/p>\n\n\n\n<p>S projektom&nbsp;<strong>Obvarujmo okolje pred slabo prakso<\/strong>&nbsp;\u017eelimo obvarovati na\u0161e okolje pred napovedanimi dodatnimi obremenitvami. Z razli\u010dnimi aktivnostmi bomo&nbsp;<strong>ozave\u0161\u010dali javnost o \u0161kodljivih vplivih se\u017eiganja velikih koli\u010din odpadkov na okolje in zdravje ljudi<\/strong>. Odlo\u010devalce na lokalnem in dr\u017eavnem nivoju bomo spodbujali k&nbsp;<strong>odlo\u010dnej\u0161i opredelitvi do problematike sose\u017eiga odpadkov v cementarni<\/strong>&nbsp;ter se zavzemali za&nbsp;<strong>spremembo politik in ustreznej\u0161o ureditev trenutno veljavne zakonodaje<\/strong>.<\/p>\n\n\n\n<p>Podprto s sredstvi Programa ACF v Sloveniji 2014\u20132021.<\/p>\n<a class=\"synved-social-button synved-social-button-share synved-social-size-32 synved-social-resolution-single synved-social-provider-facebook nolightbox\" data-provider=\"facebook\" target=\"_blank\" rel=\"nofollow\" title=\"Deli na Facebooku\" href=\"https:\/\/www.facebook.com\/sharer.php?u=https%3A%2F%2Fwww.ekoanhovo.org%2Findex.php%3Frest_route%3D%252Fwp%252Fv2%252Fpages%252F2142&#038;t=PROJEKTI&#038;s=100&#038;p&#091;url&#093;=https%3A%2F%2Fwww.ekoanhovo.org%2Findex.php%3Frest_route%3D%252Fwp%252Fv2%252Fpages%252F2142&#038;p&#091;images&#093;&#091;0&#093;=https%3A%2F%2Fwww.ekoanhovo.org%2Fwp-content%2Fuploads%2F2022%2F10%2FActive-citizens-fund%404x-logo-.png&#038;p&#091;title&#093;=PROJEKTI\" style=\"font-size: 0px;width:32px;height:32px;margin:0;margin-bottom:5px;margin-right:5px\"><img alt=\"Facebook\" title=\"Deli na Facebooku\" class=\"synved-share-image synved-social-image synved-social-image-share\" width=\"32\" height=\"32\" style=\"display: inline;width:32px;height:32px;margin: 0;padding: 0;border: none\" src=\"https:\/\/www.ekoanhovo.org\/wp-content\/plugins\/social-media-feather\/synved-social\/image\/social\/regular\/64x64\/facebook.png\" \/><\/a><a class=\"synved-social-button synved-social-button-share synved-social-size-32 synved-social-resolution-single synved-social-provider-twitter nolightbox\" data-provider=\"twitter\" target=\"_blank\" rel=\"nofollow\" title=\"Deli na tviterju\" href=\"https:\/\/twitter.com\/intent\/tweet?url=https%3A%2F%2Fwww.ekoanhovo.org%2Findex.php%3Frest_route%3D%252Fwp%252Fv2%252Fpages%252F2142&#038;text=Hey%20check%20this%20out\" style=\"font-size: 0px;width:32px;height:32px;margin:0;margin-bottom:5px;margin-right:5px\"><img alt=\"twitter\" title=\"Deli na tviterju\" class=\"synved-share-image synved-social-image synved-social-image-share\" width=\"32\" height=\"32\" style=\"display: inline;width:32px;height:32px;margin: 0;padding: 0;border: none\" src=\"https:\/\/www.ekoanhovo.org\/wp-content\/plugins\/social-media-feather\/synved-social\/image\/social\/regular\/64x64\/twitter.png\" \/><\/a><a class=\"synved-social-button synved-social-button-share synved-social-size-32 synved-social-resolution-single synved-social-provider-mail nolightbox\" data-provider=\"mail\" rel=\"nofollow\" title=\"Deli prek e-po\u0161te\" href=\"mailto:?subject=PROJEKTI&#038;body=Hey%20check%20this%20out:%20https%3A%2F%2Fwww.ekoanhovo.org%2Findex.php%3Frest_route%3D%252Fwp%252Fv2%252Fpages%252F2142\" style=\"font-size: 0px;width:32px;height:32px;margin:0;margin-bottom:5px\"><img alt=\"mail\" title=\"Deli prek e-po\u0161te\" class=\"synved-share-image synved-social-image synved-social-image-share\" width=\"32\" height=\"32\" style=\"display: inline;width:32px;height:32px;margin: 0;padding: 0;border: none\" src=\"https:\/\/www.ekoanhovo.org\/wp-content\/plugins\/social-media-feather\/synved-social\/image\/social\/regular\/64x64\/mail.png\" \/><\/a>","protected":false},"excerpt":{"rendered":"<p>Naj Anhovo zadiha Projekt Naj Anhovo zadiha je zagovorni\u0161ka kampanja, ki naslavlja nujnost spremembe okoljske zakonodaje, ki ureja sose\u017eig odpadkov v cementarnah. Okolje in zdravje prebivalcev lahko obvarujemo le tako, da uveljavimo nujno potrebne zakonske spremembe.&nbsp; Dru\u0161tvo EKO Anhovo si \u017ee leta prizadeva za spremembo zakonodaje, ki bi vsaj izena\u010dila normative, ki veljajo za naprave za sose\u017eig s tistimi, ki&#8230; <a href=\"https:\/\/www.ekoanhovo.org\/?page_id=2142\">Preberi ve\u010d &raquo;<\/a><\/p>\n","protected":false},"author":1,"featured_media":2164,"parent":0,"menu_order":0,"comment_status":"closed","ping_status":"closed","template":"","meta":[],"_links":{"self":[{"href":"https:\/\/www.ekoanhovo.org\/index.php?rest_route=\/wp\/v2\/pages\/2142"}],"collection":[{"href":"https:\/\/www.ekoanhovo.org\/index.php?rest_route=\/wp\/v2\/pages"}],"about":[{"href":"https:\/\/www.ekoanhovo.org\/index.php?rest_route=\/wp\/v2\/types\/page"}],"author":[{"embeddable":true,"href":"https:\/\/www.ekoanhovo.org\/index.php?rest_route=\/wp\/v2\/users\/1"}],"replies":[{"embeddable":true,"href":"https:\/\/www.ekoanhovo.org\/index.php?rest_route=%2Fwp%2Fv2%2Fcomments&post=2142"}],"version-history":[{"count":9,"href":"https:\/\/www.ekoanhovo.org\/index.php?rest_route=\/wp\/v2\/pages\/2142\/revisions"}],"predecessor-version":[{"id":2229,"href":"https:\/\/www.ekoanhovo.org\/index.php?rest_route=\/wp\/v2\/pages\/2142\/revisions\/2229"}],"wp:featuredmedia":[{"embeddable":true,"href":"https:\/\/www.ekoanhovo.org\/index.php?rest_route=\/wp\/v2\/media\/2164"}],"wp:attachment":[{"href":"https:\/\/www.ekoanhovo.org\/index.php?rest_route=%2Fwp%2Fv2%2Fmedia&parent=2142"}],"curies":[{"name":"wp","href":"https:\/\/api.w.org\/{rel}","templated":true}]}}